{"id":4919,"date":"2022-07-20T16:50:24","date_gmt":"2022-07-20T19:50:24","guid":{"rendered":"https:\/\/formacaoemmovimento.org.br\/?page_id=4919"},"modified":"2022-07-21T11:53:07","modified_gmt":"2022-07-21T14:53:07","slug":"sobre","status":"publish","type":"page","link":"https:\/\/formacaoemmovimento.org.br\/?page_id=4919","title":{"rendered":"SOBRE"},"content":{"rendered":"\n<div class=\"wp-block-stackable-text stk-block-text stk-block stk-b2558ac\" data-block-id=\"b2558ac\"><p class=\"stk-block-text__text\"><\/p><\/div>\n\n\n\n<div class=\"wp-block-stackable-heading stk-block-heading stk-block stk-874122c\" data-block-id=\"874122c\"><style>.stk-874122c{margin-bottom:72px !important}<\/style><h2 class=\"stk-block-heading__text has-text-align-center\">Forma\u00e7\u00e3o em movimento<\/h2><\/div>\n\n\n\n<p><\/p>\n\n\n\n<p><\/p>\n\n\n\n<div class=\"wp-block-columns is-layout-flex wp-container-core-columns-is-layout-28f84493 wp-block-columns-is-layout-flex\">\n<div class=\"wp-block-column is-layout-flow wp-block-column-is-layout-flow\" style=\"flex-basis:33.33%\">\n<div class=\"wp-block-stackable-image stk-block-image stk-block stk-2570563\" data-block-id=\"2570563\"><style>.stk-2570563 .stk-img-wrapper{width:100% !important;height:915px !important}@media screen and (max-width:689px){.stk-2570563 .stk-img-wrapper{width:100% !important;height:418px !important}}<\/style><figure class=\"stk-img-wrapper stk-image--shape-stretch\"><img loading=\"lazy\" decoding=\"async\" class=\"stk-img wp-image-2160\" src=\"https:\/\/formacaoemmovimento.org.br\/wp-content\/uploads\/2021\/10\/image-5-3.jpg\" width=\"649\" height=\"850\" alt=\"Pessoas em marcha carregando bandeiras do MST\" srcset=\"https:\/\/formacaoemmovimento.org.br\/wp-content\/uploads\/2021\/10\/image-5-3.jpg 649w, https:\/\/formacaoemmovimento.org.br\/wp-content\/uploads\/2021\/10\/image-5-3-229x300.jpg 229w\" sizes=\"auto, (max-width: 649px) 100vw, 649px\" \/><\/figure><\/div>\n<\/div>\n\n\n\n<div class=\"wp-block-column is-layout-flow wp-block-column-is-layout-flow\" style=\"flex-basis:66.66%\">\n<div class=\"wp-block-stackable-text stk-block-text stk-block stk-926beb7\" data-block-id=\"926beb7\"><p class=\"stk-block-text__text\">A forma\u00e7\u00e3o pol\u00edtica \u00e9 uma necessidade de quem faz a luta. \u00c9 o aprimoramento de nossa capacidade de compreender a realidade e de atuar nela de modo concreto. Por isso n\u00e3o \u00e9 algo simples. \u00c9 um processo complexo e dif\u00edcil que se realiza por interm\u00e9dio da luta e organiza\u00e7\u00e3o pol\u00edtica da classe em movimento. N\u00e3o basta ter uma escola e cursos de forma\u00e7\u00e3o para que ocorra a forma\u00e7\u00e3o pol\u00edtica. Mas ela \u00e9 a combina\u00e7\u00e3o dos processos formativos com as lutas concretas de nosso tempo. Forma\u00e7\u00e3o pol\u00edtica, portanto, n\u00e3o \u00e9 apenas aprender a pensar, mas tamb\u00e9m aprender a fazer (e, no limite, essa distin\u00e7\u00e3o \u00e9 falsa, pois pensar \u00e9 fazer, e fazer \u00e9 pensar). A defini\u00e7\u00e3o freireana nos esclarece apontando que a:<\/p><\/div>\n\n\n\n<blockquote class=\"wp-block-quote is-layout-flow wp-block-quote-is-layout-flow\"><p><\/p><cite>Forma\u00e7\u00e3o pol\u00edtica \u00e9 todo esfor\u00e7o de mobiliza\u00e7\u00e3o, organiza\u00e7\u00e3o e capacita\u00e7\u00e3o t\u00e9cnica, pol\u00edtica, ideol\u00f3gica, cultural, que preparam o povo para o exerc\u00edcio do poder que necessariamente deve conquistar.<\/cite><\/blockquote>\n\n\n\n<p><\/p>\n\n\n\n<div class=\"wp-block-stackable-text stk-block-text stk-block stk-605bc76\" data-block-id=\"605bc76\"><p class=\"stk-block-text__text\">\u00c9 com o pressuposto da concep\u00e7\u00e3o acima que oferecemos a voc\u00ea leitor, militante social das lutas populares, uma p\u00e1gina de apoio pedag\u00f3gico para a sua forma\u00e7\u00e3o pol\u00edtica. Frisamos que o conjunto das informa\u00e7\u00f5es aqui hospedadas s\u00e3o o resultado de processos formativos realizados com a milit\u00e2ncia de diferentes organiza\u00e7\u00f5es populares comprometidas com um projeto de transforma\u00e7\u00e3o social pelas m\u00e3os da classe trabalhadora.<\/p><\/div>\n\n\n\n<div class=\"wp-block-stackable-text stk-block-text stk-block stk-dc3b638\" data-block-id=\"dc3b638\"><p class=\"stk-block-text__text\">Portanto, fica o convite para voc\u00ea ousar a explorar a p\u00e1gina. Ela \u00e9 uma ferramenta para a sua forma\u00e7\u00e3o pol\u00edtica e para que voc\u00ea possa agu\u00e7ar seus conhecimentos em rela\u00e7\u00e3o a v\u00e1rios temas que, ao seu tempo, ser\u00e3o hospedados aqui. Caso voc\u00ea tenha perdido alguma aula, ou mesmo queira rever algum conte\u00fado, tudo estar\u00e1 dispon\u00edvel nesta p\u00e1gina Forma\u00e7\u00e3o em Movimento. Tenha seguran\u00e7a de clicar, mexer, ir para o local que queria, pois, tudo que \u00e9 desse universo da inform\u00e1tica, \u00e9 feito para ser simples. Muitas vezes, nossas inseguran\u00e7as informacionais, nos fazem achar que \u00e9 &#8220;tido complicado&#8221;. Mas n\u00e3o \u00e9! <\/p><\/div>\n\n\n\n<div class=\"wp-block-stackable-text stk-block-text stk-block stk-c846fb9\" data-block-id=\"c846fb9\"><p class=\"stk-block-text__text\">Esta p\u00e1gina foi toda elaborada por militantes, e desde o princ\u00edpio pensada para fortalecer a batalha das ideias nesse tempo hist\u00f3rico que precisa combinar cada vez mais a forma\u00e7\u00e3o pol\u00edtica com as lutas de massa. \u00c9 tamb\u00e9m uma demonstra\u00e7\u00e3o de que podemos nos apropriar desses meios e construir coletivamente ferramentas para essa tarefa.<\/p><\/div>\n\n\n\n<div class=\"wp-block-stackable-text stk-block-text stk-block stk-57c3b7f\" data-block-id=\"57c3b7f\"><p class=\"stk-block-text__text\">Na parte superior da p\u00e1gina, temos o menu com os principais conte\u00fados: nosso cursos! Em <strong><a href=\"https:\/\/formacaoemmovimento.org.br\/?page_id=28\" data-type=\"URL\" data-id=\"https:\/\/formacaoemmovimento.org.br\/?page_id=28\">Cursos<\/a><\/strong> voc\u00ea ir\u00e1 encontrar os cursos que est\u00e3o em andamento neste momento, algumas novidades que podem vir por a\u00ed e os cursos completos. Ao acessar a sess\u00e3o de cada curso voc\u00ea encontrar\u00e1 uma apresenta\u00e7\u00e3o e o menu das aulas. Ao final de cada aula h\u00e1 um espa\u00e7o para deixar coment\u00e1rios, contribui\u00e7\u00f5es e d\u00favidas. Os coment\u00e1rios podem ser respondidos por qualquer educando, podendo assim, se transformar em uma extens\u00e3o das aulas, mais um espa\u00e7o para debate e intera\u00e7\u00e3o.<\/p><\/div>\n\n\n\n<div class=\"wp-block-stackable-text stk-block-text stk-block stk-63d79f3\" data-block-id=\"63d79f3\"><p class=\"stk-block-text__text\">Desejamos que voc\u00ea possa aproveitar bem o espa\u00e7o e vamos juntos fortalecer essa ferramenta que se prop\u00f5e a ser mais um espa\u00e7o de forma\u00e7\u00e3o pol\u00edtica da classe trabalhadora. Luta melhor quem sabe mais e sabe mais quem luta sempre.<\/p><\/div>\n\n\n\n<div class=\"wp-block-stackable-text stk-block-text stk-block stk-4adb870\" data-block-id=\"4adb870\"><p class=\"stk-block-text__text\"><\/p><\/div>\n<\/div>\n<\/div>\n","protected":false},"excerpt":{"rendered":"<p>Forma\u00e7\u00e3o pol\u00edtica \u00e9 todo esfor\u00e7o de mobiliza\u00e7\u00e3o, organiza\u00e7\u00e3o e capacita\u00e7\u00e3o t\u00e9cnica, pol\u00edtica, ideol\u00f3gica, cultural, que preparam o povo para o exerc\u00edcio do poder que necessariamente deve conquistar.<\/p>\n","protected":false},"author":4,"featured_media":0,"parent":72,"menu_order":0,"comment_status":"closed","ping_status":"closed","template":"","meta":{"footnotes":""},"class_list":["post-4919","page","type-page","status-publish","hentry"],"blocksy_meta":{"styles_descriptor":{"styles":{"desktop":"","tablet":"","mobile":""},"google_fonts":[],"version":6}},"featured_image_urls_v2":{"full":"","thumbnail":"","medium":"","medium_large":"","large":"","1536x1536":"","2048x2048":""},"post_excerpt_stackable_v2":"<p>Forma\u00e7\u00e3o pol\u00edtica \u00e9 todo esfor\u00e7o de mobiliza\u00e7\u00e3o, organiza\u00e7\u00e3o e capacita\u00e7\u00e3o t\u00e9cnica, pol\u00edtica, ideol\u00f3gica, cultural, que preparam o povo para o exerc\u00edcio do poder que necessariamente deve conquistar.<\/p>\n","category_list_v2":"","author_info_v2":{"name":"Carol Cruz","url":"https:\/\/formacaoemmovimento.org.br\/?author=4"},"comments_num_v2":"0 coment\u00e1rio","_links":{"self":[{"href":"https:\/\/formacaoemmovimento.org.br\/index.php?rest_route=\/wp\/v2\/pages\/4919","targetHints":{"allow":["GET"]}}],"collection":[{"href":"https:\/\/formacaoemmovimento.org.br\/index.php?rest_route=\/wp\/v2\/pages"}],"about":[{"href":"https:\/\/formacaoemmovimento.org.br\/index.php?rest_route=\/wp\/v2\/types\/page"}],"author":[{"embeddable":true,"href":"https:\/\/formacaoemmovimento.org.br\/index.php?rest_route=\/wp\/v2\/users\/4"}],"replies":[{"embeddable":true,"href":"https:\/\/formacaoemmovimento.org.br\/index.php?rest_route=%2Fwp%2Fv2%2Fcomments&post=4919"}],"version-history":[{"count":7,"href":"https:\/\/formacaoemmovimento.org.br\/index.php?rest_route=\/wp\/v2\/pages\/4919\/revisions"}],"predecessor-version":[{"id":4972,"href":"https:\/\/formacaoemmovimento.org.br\/index.php?rest_route=\/wp\/v2\/pages\/4919\/revisions\/4972"}],"up":[{"embeddable":true,"href":"https:\/\/formacaoemmovimento.org.br\/index.php?rest_route=\/wp\/v2\/pages\/72"}],"wp:attachment":[{"href":"https:\/\/formacaoemmovimento.org.br\/index.php?rest_route=%2Fwp%2Fv2%2Fmedia&parent=4919"}],"curies":[{"name":"wp","href":"https:\/\/api.w.org\/{rel}","templated":true}]}}