{"id":1484,"date":"2021-08-11T19:27:18","date_gmt":"2021-08-11T22:27:18","guid":{"rendered":"https:\/\/formacaoemmovimento.org.br\/?page_id=1484"},"modified":"2025-06-17T16:46:28","modified_gmt":"2025-06-17T19:46:28","slug":"formacao-em-saude","status":"publish","type":"page","link":"https:\/\/formacaoemmovimento.org.br\/?page_id=1484","title":{"rendered":"Forma\u00e7\u00e3o em Sa\u00fade"},"content":{"rendered":"\n<div class=\"alignfull wp-block-ugb-text ugb-text ugb-5d0ef1b ugb-text--design-plain ugb-text--columns-1 ugb-main-block\"><style>.ugb-5d0ef1b .ugb-text__title{color:var(--theme-palette-color-1,#d80909);font-family:\"Anton\",Sans-serif !important;text-align:center}.ugb-5d0ef1b .ugb-text__text p{font-family:\"Roboto\",Sans-serif !important;font-size:39px !important;font-weight:500 !important;color:#9b0606}.ugb-5d0ef1b .ugb-inner-block{text-align:center}@media screen and (min-width:768px){.ugb-5d0ef1b.ugb-text{margin-top:0px !important;padding-top:0px !important;padding-right:35px !important;padding-bottom:26px !important;padding-left:35px !important}}<\/style><div class=\"ugb-inner-block\"><div class=\"ugb-block-content\"><div class=\"ugb-text__title-wrapper\"><h2 class=\"ugb-text__title\"> Curso de Forma\u00e7\u00e3o em Sa\u00fade<\/h2><\/div><div class=\"ugb-text__text-wrapper\"><div class=\"ugb-text__text\"><p class=\"ugb-text__text-1\"><\/p><\/div><\/div><\/div><\/div><\/div>\n\n\n\n<div class=\"wp-block-ugb-expand ugb-expand ugb-2d36d83 ugb-expand--v2 ugb-main-block\" aria-expanded=\"false\"><style>.ugb-2d36d83 .ugb-expand__title{font-size:30px !important}.ugb-2d36d83 .ugb-expand__less-text p,.ugb-2d36d83 .ugb-expand__more-text p{font-size:19px !important}<\/style><div class=\"ugb-inner-block\"><div class=\"ugb-block-content\"><h4 class=\"ugb-expand__title\">Apresenta\u00e7\u00e3o <\/h4><div class=\"ugb-expand__less-text\"><p>O Curso Nacional \u201cForma\u00e7\u00e3o em Sa\u00fade\u201d busca oferecer bases sobre as a\u00e7\u00f5es do Setor de Sa\u00fade no MST e as bandeiras de luta, al\u00e9m de fortalecer sua organicidade nos estados.<\/p><p>As aulas tamb\u00e9m ser\u00e3o espa\u00e7os de encontros, reencontros mesmo que neste momento, em salas virtuais. Vamos poder a cada aula trazer as diversas realidades, possibilitando uma troca de pr\u00e1ticas, de saberes.<\/p><\/div><div class=\"ugb-expand__more-text\" style=\"display:none\"><p>Em nossa luta pela Reforma Agr\u00e1ria Popular, temos que lutar por acesso a sa\u00fade mais ampla, ela n\u00e3o pode estar relacionada ao tratamento de doen\u00e7as. Mas, deve fazer parte do projeto de vida desde o processo de organiza\u00e7\u00e3o para acampamentos, e que incida nos assentamentos. E que tenhamos territ\u00f3rios saud\u00e1veis.<\/p><p>Para tanto \u00e9 importante conhecermos a fundo as pol\u00edticas p\u00fablicas que incidem na preven\u00e7\u00e3o de doen\u00e7as, e assim como nos organizar para que tenhamos acesso amplo e universal em todos os nossos territ\u00f3rios.<\/p><p>A produ\u00e7\u00e3o de alimentos agroecol\u00f3gicos deve ser uma pr\u00e1tica de cuidado com a sa\u00fade f\u00edsica, mental, espiritual e de cuidado com bens da natureza, de onde nossos ancestrais coletavam plantas, ervas medicinais. E que na atualidade discutimos tanto import\u00e2ncia do resgate desse saberes e conhecimentos e da medicina popular.<\/p><p>As pr\u00e1ticas milenares que hoje nos ajudam nesta travessia diante de uma Pandemia provocada pela Covid1-9, em que a necessidade de isolamento e distanciamento social s\u00e3o a\u00e7\u00f5es que ajudam na preven\u00e7\u00e3o. E quando compartilhamos nossas pr\u00e1ticas, ch\u00e1s, ervas, o que plantar, como cultivar, fossem em vasos, jardins ou quintais.<\/p><p>E n\u00f3s que somos povos da cultura do abra\u00e7o, do tocar, vimos que por ora, distanciar ajuda a nos cuidar. Mas da\u00ed vem aquela nostalgia, e nossa sa\u00fade mental deve ser mais fortalecida. Que o afeto tem v\u00e1rias formas, e que nos cuidar \u00e9 fundamental para podermos seguir cuidando dos companheiros e das companheiras de nossos assentamentos e acampamentos da reforma agr\u00e1ria.<\/p><p><strong>Prevemos o in\u00edcio do curso para o dia 09 de junho e o t\u00e9rmino para 13 de outubro de 2021, totalizando 10 encontros\/aulas. Nossos encontros ser\u00e3o QUINZENAIS, \u00e0s quartas-feiras, entre 14h \u00e0s 16h, de forma virtual via sala de reuni\u00f5es da plataforma Zoom.<\/strong><\/p><p>\u00c9 importante realizarem as leituras pr\u00e9vias dos materiais did\u00e1ticos que s\u00e3o disponibilizados para acompanhar as aulas dos m\u00f3dulos. Organize um tempo de estudo entre um encontro e outro, para organizar as ideias e suas d\u00favidas para as aulas. <\/p><p><strong>Biblioteca e informes do setor<\/strong><\/p><p>Nossa Biblioteca \u00e9 um espa\u00e7o destinado \u00e0s publica\u00e7\u00f5es j\u00e1 realizadas pelo Setor de Sa\u00fade. S\u00e3o materiais que abordam desde a hist\u00f3ria de atua\u00e7\u00e3o do setor, a materiais para pr\u00e1tica do cuidado. <a rel=\"noreferrer noopener\" href=\"https:\/\/drive.google.com\/drive\/folders\/1VWqymdmH4hN7y1m7DoPEVUO5tSacO5aB?usp=sharing\" target=\"_blank\"><strong>Acesse a nossa Biblioteca por aqui<\/strong><\/a><strong>.<\/strong><\/p><p>E se voc\u00ea quer aprofundar um pouco mais, outros materiais sobre o setor podem ser encontrados no site do MST! <a rel=\"noreferrer noopener\" href=\"https:\/\/www.google.com\/url?q=https%3A%2F%2Fmst.org.br%2Ftemas%2Fsaude-popular%2F&amp;sa=D&amp;sntz=1&amp;usg=AFQjCNEKBSZjsTHyp9wl96jDqjy-Ektj4A\" target=\"_blank\"><strong>Clique aqui e confira<\/strong><\/a><\/p><p>Agora, acesse os m\u00f3dulos de estudo! Eles est\u00e3o organizados de acordo com o que \u00e9 mais atual dentro do andamento do curso.<\/p><p><\/p><\/div><div class=\"ugb-expand__toggle-wrapper\"><a class=\"ugb-expand__toggle\" href=\"#\"><span class=\"ugb-expand__more-toggle-text\">Mostrar mais<\/span><span class=\"ugb-expand__less-toggle-text\" style=\"display:none\">Mostrar menos<\/span><\/a><\/div><\/div><\/div><\/div>\n\n\n\n<div class=\"wp-block-ugb-blog-posts ugb-blog-posts ugb-2898406 ugb-blog-posts--v2 ugb-blog-posts--design-basic ugb-blog-posts--columns-1 ugb-main-block ugb--has-bottom-separator\"><style>.ugb-2898406 .ugb-blog-posts__featured-image{border-radius:4px !important}.ugb-2898406 .ugb-blog-posts__title a{color:var(--theme-palette-color-3,#915656) !important}.ugb-2898406 .ugb-blog-posts__title a:hover{opacity:0.8}.ugb-2898406 .ugb-blog-posts__title{font-family:\"Anton\",Sans-serif !important;margin-bottom:-50px !important}.ugb-2898406 .ugb-inner-block{text-align:left}.ugb-2898406 .ugb-block-title{font-family:\"anton\",Sans-serif !important;font-weight:700 !important;color:var(--theme-palette-color-1,#d80909);margin-bottom:42px !important}@media screen and (min-width:768px){.ugb-2898406.ugb-blog-posts{padding-bottom:35px !important}}@media screen and (max-width:768px){.ugb-2898406 .ugb-blog-posts__title{font-size:16px !important;margin-bottom:-30px !important}}<\/style><div class=\"ugb-bottom-separator\"><div class=\"ugb-separator-wrapper\"><svg xmlns=\"http:\/\/www.w3.org\/2000\/svg\" viewbox=\"0 0 1600 200\" filter=\"url(#straight-1-shadow_svg__a)\" enablebackground=\"new 0 0 1600 200\" class=\"ugb-separator__shadow\" preserveaspectratio=\"none\" aria-hidden=\"true\"><filter id=\"straight-1-shadow_svg__a\"><feGaussianBlur in=\"SourceAlpha\" stddeviation=\"4\"><\/feGaussianBlur><feComponentTransfer><feFuncA type=\"linear\" slope=\"0.4\"><\/feFuncA><\/feComponentTransfer><feMerge><feMergeNode><\/feMergeNode><feMergeNode in=\"SourceGraphic\"><\/feMergeNode><\/feMerge><\/filter><path d=\"M-10 121.6h1620v-16.4H-10z\"><\/path><\/svg><svg xmlns=\"http:\/\/www.w3.org\/2000\/svg\" viewbox=\"0 0 1600 200\" class=\"ugb-separator__layer-1\" preserveaspectratio=\"none\" aria-hidden=\"true\"><path d=\"M-10 210h1620V105.2H-10z\"><\/path><\/svg><\/div><\/div><div class=\"ugb-inner-block\"><h3 class=\"ugb-block-title\">Aulas<\/h3><div class=\"ugb-block-content\"><article class=\"ugb-blog-posts__item\"><div class=\"ugb-blog-posts__content\"><h6 class=\"ugb-blog-posts__title\"><a href=\"https:\/\/formacaoemmovimento.org.br\/?p=1593\">Aula 1 | MST e o Setor de Sa\u00fade<\/a><\/h6><\/div><\/article><article class=\"ugb-blog-posts__item\"><div class=\"ugb-blog-posts__content\"><h6 class=\"ugb-blog-posts__title\"><a href=\"https:\/\/formacaoemmovimento.org.br\/?p=1744\">Aula 2 | Reforma Sanit\u00e1ria e o SUS<\/a><\/h6><\/div><\/article><article class=\"ugb-blog-posts__item\"><div class=\"ugb-blog-posts__content\"><h6 class=\"ugb-blog-posts__title\"><a href=\"https:\/\/formacaoemmovimento.org.br\/?p=1755\">Aula 3 | Pol\u00edticas de Equidade em Sa\u00fade e a Pol\u00edtica Nacional de Sa\u00fade Integral das popula\u00e7\u00f5es do Campo, Floresta e das \u00c1guas<\/a><\/h6><\/div><\/article><article class=\"ugb-blog-posts__item\"><div class=\"ugb-blog-posts__content\"><h6 class=\"ugb-blog-posts__title\"><a href=\"https:\/\/formacaoemmovimento.org.br\/?p=1760\">Aula 4 | Sa\u00fade e Agroecologia<\/a><\/h6><\/div><\/article><article class=\"ugb-blog-posts__item\"><div class=\"ugb-blog-posts__content\"><h6 class=\"ugb-blog-posts__title\"><a href=\"https:\/\/formacaoemmovimento.org.br\/?p=2099\">Aula 5 | Plano Nacional \u201cPlantar \u00c1rvores, Produzir Alimentos Saud\u00e1veis\u201d<\/a><\/h6><\/div><\/article><article class=\"ugb-blog-posts__item\"><div class=\"ugb-blog-posts__content\"><h6 class=\"ugb-blog-posts__title\"><a href=\"https:\/\/formacaoemmovimento.org.br\/?p=2104\">Aula 6 | Pol\u00edticas Nacionais de Sa\u00fade Integral para Popula\u00e7\u00f5es do Campo das Florestas e das \u00c1guas<\/a><\/h6><\/div><\/article><article class=\"ugb-blog-posts__item\"><div class=\"ugb-blog-posts__content\"><h6 class=\"ugb-blog-posts__title\"><a href=\"https:\/\/formacaoemmovimento.org.br\/?p=2108\">Aula 7 | Boa pr\u00e1tica no cultivo e na elabora\u00e7\u00e3o<\/a><\/h6><\/div><\/article><article class=\"ugb-blog-posts__item\"><div class=\"ugb-blog-posts__content\"><h6 class=\"ugb-blog-posts__title\"><a href=\"https:\/\/formacaoemmovimento.org.br\/?p=2114\">Aula 8 | Pr\u00e1ticas de cuidados milenares e tradicionais<\/a><\/h6><\/div><\/article><\/div><\/div><\/div>\n","protected":false},"excerpt":{"rendered":"<p>O Curso Nacional \u201cForma\u00e7\u00e3o em Sa\u00fade\u201d busca oferecer bases sobre as a\u00e7\u00f5es do Setor de Sa\u00fade no MST e as bandeiras de luta, al\u00e9m de fortalecer sua organicidade nos estados.<\/p>\n","protected":false},"author":4,"featured_media":1816,"parent":1143,"menu_order":0,"comment_status":"closed","ping_status":"closed","template":"","meta":{"footnotes":""},"class_list":["post-1484","page","type-page","status-publish","has-post-thumbnail","hentry"],"blocksy_meta":{"styles_descriptor":{"styles":{"desktop":"","tablet":"","mobile":""},"google_fonts":[],"version":6}},"featured_image_urls_v2":{"full":["https:\/\/formacaoemmovimento.org.br\/wp-content\/uploads\/2021\/09\/SAUDE.png",1920,447,false],"thumbnail":["https:\/\/formacaoemmovimento.org.br\/wp-content\/uploads\/2021\/09\/SAUDE-150x150.png",150,150,true],"medium":["https:\/\/formacaoemmovimento.org.br\/wp-content\/uploads\/2021\/09\/SAUDE-300x70.png",300,70,true],"medium_large":["https:\/\/formacaoemmovimento.org.br\/wp-content\/uploads\/2021\/09\/SAUDE-768x179.png",768,179,true],"large":["https:\/\/formacaoemmovimento.org.br\/wp-content\/uploads\/2021\/09\/SAUDE-1024x238.png",1024,238,true],"1536x1536":["https:\/\/formacaoemmovimento.org.br\/wp-content\/uploads\/2021\/09\/SAUDE-1536x358.png",1536,358,true],"2048x2048":["https:\/\/formacaoemmovimento.org.br\/wp-content\/uploads\/2021\/09\/SAUDE.png",1920,447,false]},"post_excerpt_stackable_v2":"<p>O Curso Nacional \u201cForma\u00e7\u00e3o em Sa\u00fade\u201d busca oferecer bases sobre as a\u00e7\u00f5es do Setor de Sa\u00fade no MST e as bandeiras de luta, al\u00e9m de fortalecer sua organicidade nos estados.<\/p>\n","category_list_v2":"","author_info_v2":{"name":"Carol Cruz","url":"https:\/\/formacaoemmovimento.org.br\/?author=4"},"comments_num_v2":"0 coment\u00e1rio","_links":{"self":[{"href":"https:\/\/formacaoemmovimento.org.br\/index.php?rest_route=\/wp\/v2\/pages\/1484","targetHints":{"allow":["GET"]}}],"collection":[{"href":"https:\/\/formacaoemmovimento.org.br\/index.php?rest_route=\/wp\/v2\/pages"}],"about":[{"href":"https:\/\/formacaoemmovimento.org.br\/index.php?rest_route=\/wp\/v2\/types\/page"}],"author":[{"embeddable":true,"href":"https:\/\/formacaoemmovimento.org.br\/index.php?rest_route=\/wp\/v2\/users\/4"}],"replies":[{"embeddable":true,"href":"https:\/\/formacaoemmovimento.org.br\/index.php?rest_route=%2Fwp%2Fv2%2Fcomments&post=1484"}],"version-history":[{"count":20,"href":"https:\/\/formacaoemmovimento.org.br\/index.php?rest_route=\/wp\/v2\/pages\/1484\/revisions"}],"predecessor-version":[{"id":2335,"href":"https:\/\/formacaoemmovimento.org.br\/index.php?rest_route=\/wp\/v2\/pages\/1484\/revisions\/2335"}],"up":[{"embeddable":true,"href":"https:\/\/formacaoemmovimento.org.br\/index.php?rest_route=\/wp\/v2\/pages\/1143"}],"wp:featuredmedia":[{"embeddable":true,"href":"https:\/\/formacaoemmovimento.org.br\/index.php?rest_route=\/wp\/v2\/media\/1816"}],"wp:attachment":[{"href":"https:\/\/formacaoemmovimento.org.br\/index.php?rest_route=%2Fwp%2Fv2%2Fmedia&parent=1484"}],"curies":[{"name":"wp","href":"https:\/\/api.w.org\/{rel}","templated":true}]}}