{"id":1482,"date":"2021-08-11T19:26:46","date_gmt":"2021-08-11T22:26:46","guid":{"rendered":"https:\/\/formacaoemmovimento.org.br\/?page_id=1482"},"modified":"2025-06-17T16:46:28","modified_gmt":"2025-06-17T19:46:28","slug":"curso-antonio-candido-por-que-literatura","status":"publish","type":"page","link":"https:\/\/formacaoemmovimento.org.br\/?page_id=1482","title":{"rendered":"Antonio Candido: Por que Literatura?"},"content":{"rendered":"\n<div class=\"alignfull wp-block-ugb-text ugb-text ugb-491e63f ugb-text--design-plain ugb-text--columns-1 ugb-main-block ugb-main-block--inner-center ugb--has-block-background\"><style>.ugb-491e63f .ugb-text__title{color:var(--theme-palette-color-1,#d80909);text-align:left}.ugb-491e63f .ugb-text__text p{font-family:\"Roboto\",Sans-serif !important;font-size:35px !important;font-weight:700 !important;color:var(--theme-palette-color-1,#d80909)}.ugb-491e63f .ugb-inner-block{text-align:left}.ugb-491e63f.ugb-text{background-color:var(--theme-palette-color-8,#ffffff)}.ugb-491e63f.ugb-text:before{background-color:var(--theme-palette-color-8,#ffffff)}@media screen and (min-width:768px){.ugb-491e63f.ugb-text{padding-top:0px !important;padding-right:35px !important;padding-bottom:26px !important;padding-left:35px !important}}@media screen and (max-width:768px){.ugb-491e63f .ugb-text__text p{font-size:20px !important}}<\/style><div class=\"ugb-inner-block ugb-inner-block--center\"><div class=\"ugb-block-content\"><div class=\"ugb-text__title-wrapper\"><h2 class=\"ugb-text__title\">Curso Antonio Candido: Por que Literatura?<\/h2><\/div><div class=\"ugb-text__text-wrapper\"><div class=\"ugb-text__text\"><p class=\"ugb-text__text-1\"><\/p><\/div><\/div><\/div><\/div><\/div>\n\n\n\n<div class=\"wp-block-ugb-expand ugb-expand ugb-2670207 ugb-expand--v2 ugb-main-block\" aria-expanded=\"false\"><style>.ugb-2670207 .ugb-expand__less-text p,.ugb-2670207 .ugb-expand__more-text p{font-size:18px !important}<\/style><div class=\"ugb-inner-block\"><div class=\"ugb-block-content\"><h4 class=\"ugb-expand__title\">Apresenta\u00e7\u00e3o<\/h4><div class=\"ugb-expand__less-text\"><p>Neste curso pretendemos interrogar por que e para que a literatura existe. Qual a sua natureza? Que papel exerce na forma\u00e7\u00e3o humana? Qual a sua import\u00e2ncia para a nossa vida? A quem ela se dirige? Quem pode ler e produzir literatura? Como se d\u00e1 a rela\u00e7\u00e3o entre literatura e vida? O que a literatura pode nos dizer sobre o Brasil? A literatura \u00e9 uma forma confi\u00e1vel de conhecimento da realidade? Ela \u00e9 uma cr\u00edtica ou uma repeti\u00e7\u00e3o da vida? A arte liter\u00e1ria atua na transforma\u00e7\u00e3o do mundo? Diante dessas quest\u00f5es e de outras que se desdobram a partir delas, procuraremos nos pr\u00f3prios textos liter\u00e1rios, tendo como apoio a obra do professor e cr\u00edtico liter\u00e1rio Antonio Candido, alguns caminhos que nos ajudem a formular respostas conjuntamente.<\/p><p><\/p><\/div><div class=\"ugb-expand__more-text\" style=\"display:none\"><p><strong>Nossa metodologia<\/strong><\/p><p>O curso, realizado de forma virtual em fun\u00e7\u00e3o da pandemia, ser\u00e1 desenvolvido em 7 encontros quinzenais com 2 horas de dura\u00e7\u00e3o e estruturados em 3 blocos:<\/p><p>Literatura, forma\u00e7\u00e3o humana e v\u00ednculo com a vida (2 encontros)<\/p><p>Literatura, hist\u00f3ria e \u201csentimento \u00edntimo de pa\u00eds\u201d (3 encontros)<\/p><p>Realidade, literatura e o \u201cprofundo sentimento da vida\u201d (2 encontros)<\/p><p>Para cada encontro haver\u00e1 a leitura de um texto liter\u00e1rio (poemas, contos ou trechos de romances) e de um texto te\u00f3rico extra\u00eddo da obra de Antonio Candido. O material de leitura ser\u00e1 enviado aos participantes para leitura pr\u00e9via, a fim de que durante os encontros possam acompanhar a exposi\u00e7\u00e3o das professoras (1h) e, em seguida, participar do debate (1h). Para cada encontro haver\u00e1 uma quest\u00e3o que servir\u00e1 de fio condutor para a leitura pr\u00e9via, a exposi\u00e7\u00e3o e o debate. Quando for adequado e poss\u00edvel, faremos momentos de discuss\u00e3o em grupo.<\/p><p>Antes de acessar a programa\u00e7\u00e3o, assista os v\u00eddeos abaixo e <a rel=\"noreferrer noopener\" href=\"https:\/\/www.google.com\/url?q=https%3A%2F%2Fmst.org.br%2F2006%2F08%2F08%2Fantonio-candido-participa-de-inauguracao-da-biblioteca-da-escola-nacional-florestan-fernandes%2F&amp;sa=D&amp;sntz=1&amp;usg=AFQjCNH16oQU3B6WnacQdu-LxjUqoC_L_A\" target=\"_blank\"><strong>leia a reportagem<\/strong><\/a> sobre a visita de Ant\u00f4nio C\u00e2ndido em 05 de agosto de 2006 \u00e0 Escola Nacional Florestan Fernandes, para a inaugura\u00e7\u00e3o da biblioteca.<\/p><\/div><div class=\"ugb-expand__toggle-wrapper\"><a class=\"ugb-expand__toggle\" href=\"#\"><span class=\"ugb-expand__more-toggle-text\">Mostrar mais<\/span><span class=\"ugb-expand__less-toggle-text\" style=\"display:none\">Mostrar menos<\/span><\/a><\/div><\/div><\/div><\/div>\n\n\n\n<div class=\"wp-block-ugb-blog-posts ugb-blog-posts ugb-2898406 ugb-blog-posts--v2 ugb-blog-posts--design-basic ugb-blog-posts--columns-1 ugb-main-block ugb--has-bottom-separator\"><style>.ugb-2898406 .ugb-blog-posts__featured-image{border-radius:4px !important}.ugb-2898406 .ugb-blog-posts__title a{color:var(--theme-palette-color-3,#915656) !important}.ugb-2898406 .ugb-blog-posts__title a:hover{color:var(--theme-palette-color-1,#d80909) !important}.ugb-2898406 .ugb-blog-posts__title{margin-bottom:-50px !important}.ugb-2898406 .ugb-inner-block{text-align:left}.ugb-2898406 .ugb-block-title{font-family:\"Anton\",Sans-serif !important;font-weight:700 !important;color:var(--theme-palette-color-1,#d80909);margin-bottom:13px !important}@media screen and (min-width:768px){.ugb-2898406.ugb-blog-posts{padding-bottom:35px !important}}@media screen and (min-width:768px){.ugb-2898406 > .ugb-inner-block > .ugb-block-content > *{padding-top:0px !important;padding-bottom:0px !important;padding-right:0px !important;padding-left:0px !important}}<\/style><div class=\"ugb-bottom-separator\"><div class=\"ugb-separator-wrapper\"><svg xmlns=\"http:\/\/www.w3.org\/2000\/svg\" viewbox=\"0 0 1600 200\" filter=\"url(#straight-1-shadow_svg__a)\" enablebackground=\"new 0 0 1600 200\" class=\"ugb-separator__shadow\" preserveaspectratio=\"none\" aria-hidden=\"true\"><filter id=\"straight-1-shadow_svg__a\"><feGaussianBlur in=\"SourceAlpha\" stddeviation=\"4\"><\/feGaussianBlur><feComponentTransfer><feFuncA type=\"linear\" slope=\"0.4\"><\/feFuncA><\/feComponentTransfer><feMerge><feMergeNode><\/feMergeNode><feMergeNode in=\"SourceGraphic\"><\/feMergeNode><\/feMerge><\/filter><path d=\"M-10 121.6h1620v-16.4H-10z\"><\/path><\/svg><svg xmlns=\"http:\/\/www.w3.org\/2000\/svg\" viewbox=\"0 0 1600 200\" class=\"ugb-separator__layer-1\" preserveaspectratio=\"none\" aria-hidden=\"true\"><path d=\"M-10 210h1620V105.2H-10z\"><\/path><\/svg><\/div><\/div><div class=\"ugb-inner-block\"><h3 class=\"ugb-block-title\">Aulas<\/h3><div class=\"ugb-block-content\"><article class=\"ugb-blog-posts__item\"><div class=\"ugb-blog-posts__content\"><h4 class=\"ugb-blog-posts__title\"><a href=\"https:\/\/formacaoemmovimento.org.br\/?p=1590\">Aula 1 | Forma\u00e7\u00e3o dos sentidos humanos<\/a><\/h4><\/div><\/article><article class=\"ugb-blog-posts__item\"><div class=\"ugb-blog-posts__content\"><h4 class=\"ugb-blog-posts__title\"><a href=\"https:\/\/formacaoemmovimento.org.br\/?p=1765\">Aula 2 | A Literatura como Direito<\/a><\/h4><\/div><\/article><article class=\"ugb-blog-posts__item\"><div class=\"ugb-blog-posts__content\"><h4 class=\"ugb-blog-posts__title\"><a href=\"https:\/\/formacaoemmovimento.org.br\/?p=2042\">Aula 3 | Literatura e Concep\u00e7\u00e3o de Hist\u00f3ria<\/a><\/h4><\/div><\/article><article class=\"ugb-blog-posts__item\"><div class=\"ugb-blog-posts__content\"><h4 class=\"ugb-blog-posts__title\"><a href=\"https:\/\/formacaoemmovimento.org.br\/?p=2046\">Aula 4 | Literatura, contradi\u00e7\u00e3o e na\u00e7\u00e3o<\/a><\/h4><\/div><\/article><article class=\"ugb-blog-posts__item\"><div class=\"ugb-blog-posts__content\"><h4 class=\"ugb-blog-posts__title\"><a href=\"https:\/\/formacaoemmovimento.org.br\/?p=2051\">Aula 5 | Literatura e consci\u00eancia do atraso<\/a><\/h4><\/div><\/article><article class=\"ugb-blog-posts__item\"><div class=\"ugb-blog-posts__content\"><h4 class=\"ugb-blog-posts__title\"><a href=\"https:\/\/formacaoemmovimento.org.br\/?p=2058\">Aula 6 | Realidade, realismo e s\u00e1tira<\/a><\/h4><\/div><\/article><\/div><\/div><\/div>\n","protected":false},"excerpt":{"rendered":"<p>Neste curso pretendemos interrogar por que e para que a literatura existe. Qual a sua natureza? Que papel exerce na forma\u00e7\u00e3o humana? Quem pode ler e produzir literatura? O que a literatura pode nos dizer sobre o Brasil? A arte liter\u00e1ria atua na transforma\u00e7\u00e3o do mundo? Tendo como apoio a obra do professor e cr\u00edtico liter\u00e1rio Antonio Candido, busquemos caminhos que nos ajudem a formular respostas conjuntamente.<\/p>\n","protected":false},"author":4,"featured_media":1817,"parent":1143,"menu_order":0,"comment_status":"closed","ping_status":"closed","template":"","meta":{"footnotes":""},"class_list":["post-1482","page","type-page","status-publish","has-post-thumbnail","hentry"],"blocksy_meta":{"styles_descriptor":{"styles":{"desktop":"","tablet":"","mobile":""},"google_fonts":[],"version":6}},"featured_image_urls_v2":{"full":["https:\/\/formacaoemmovimento.org.br\/wp-content\/uploads\/2021\/09\/ANTONIO_CANDIDO.jpg",1920,447,false],"thumbnail":["https:\/\/formacaoemmovimento.org.br\/wp-content\/uploads\/2021\/09\/ANTONIO_CANDIDO-150x150.jpg",150,150,true],"medium":["https:\/\/formacaoemmovimento.org.br\/wp-content\/uploads\/2021\/09\/ANTONIO_CANDIDO-300x70.jpg",300,70,true],"medium_large":["https:\/\/formacaoemmovimento.org.br\/wp-content\/uploads\/2021\/09\/ANTONIO_CANDIDO-768x179.jpg",768,179,true],"large":["https:\/\/formacaoemmovimento.org.br\/wp-content\/uploads\/2021\/09\/ANTONIO_CANDIDO-1024x238.jpg",1024,238,true],"1536x1536":["https:\/\/formacaoemmovimento.org.br\/wp-content\/uploads\/2021\/09\/ANTONIO_CANDIDO-1536x358.jpg",1536,358,true],"2048x2048":["https:\/\/formacaoemmovimento.org.br\/wp-content\/uploads\/2021\/09\/ANTONIO_CANDIDO.jpg",1920,447,false]},"post_excerpt_stackable_v2":"<p>Neste curso pretendemos interrogar por que e para que a literatura existe. Qual a sua natureza? Que papel exerce na forma\u00e7\u00e3o humana? Quem pode ler e produzir literatura? O que a literatura pode nos dizer sobre o Brasil? A arte liter\u00e1ria atua na transforma\u00e7\u00e3o do mundo? Tendo como apoio a obra do professor e cr\u00edtico liter\u00e1rio Antonio Candido, busquemos caminhos que nos ajudem a formular respostas conjuntamente.<\/p>\n","category_list_v2":"","author_info_v2":{"name":"Carol Cruz","url":"https:\/\/formacaoemmovimento.org.br\/?author=4"},"comments_num_v2":"0 coment\u00e1rio","_links":{"self":[{"href":"https:\/\/formacaoemmovimento.org.br\/index.php?rest_route=\/wp\/v2\/pages\/1482","targetHints":{"allow":["GET"]}}],"collection":[{"href":"https:\/\/formacaoemmovimento.org.br\/index.php?rest_route=\/wp\/v2\/pages"}],"about":[{"href":"https:\/\/formacaoemmovimento.org.br\/index.php?rest_route=\/wp\/v2\/types\/page"}],"author":[{"embeddable":true,"href":"https:\/\/formacaoemmovimento.org.br\/index.php?rest_route=\/wp\/v2\/users\/4"}],"replies":[{"embeddable":true,"href":"https:\/\/formacaoemmovimento.org.br\/index.php?rest_route=%2Fwp%2Fv2%2Fcomments&post=1482"}],"version-history":[{"count":17,"href":"https:\/\/formacaoemmovimento.org.br\/index.php?rest_route=\/wp\/v2\/pages\/1482\/revisions"}],"predecessor-version":[{"id":2363,"href":"https:\/\/formacaoemmovimento.org.br\/index.php?rest_route=\/wp\/v2\/pages\/1482\/revisions\/2363"}],"up":[{"embeddable":true,"href":"https:\/\/formacaoemmovimento.org.br\/index.php?rest_route=\/wp\/v2\/pages\/1143"}],"wp:featuredmedia":[{"embeddable":true,"href":"https:\/\/formacaoemmovimento.org.br\/index.php?rest_route=\/wp\/v2\/media\/1817"}],"wp:attachment":[{"href":"https:\/\/formacaoemmovimento.org.br\/index.php?rest_route=%2Fwp%2Fv2%2Fmedia&parent=1482"}],"curies":[{"name":"wp","href":"https:\/\/api.w.org\/{rel}","templated":true}]}}