{"id":1480,"date":"2021-08-11T19:25:45","date_gmt":"2021-08-11T22:25:45","guid":{"rendered":"https:\/\/formacaoemmovimento.org.br\/?page_id=1480"},"modified":"2025-06-17T16:46:28","modified_gmt":"2025-06-17T19:46:28","slug":"a-comuna-de-paris-e-rosa-luxemburgo","status":"publish","type":"page","link":"https:\/\/formacaoemmovimento.org.br\/?page_id=1480","title":{"rendered":"A Comuna de Paris e Rosa Luxemburgo"},"content":{"rendered":"\n<div class=\"alignfull wp-block-ugb-text ugb-text ugb-491e63f ugb-text--design-plain ugb-text--columns-1 ugb-main-block ugb-main-block--inner-center ugb--has-block-background\"><style>.ugb-491e63f .ugb-text__title{color:var(--theme-palette-color-1,#d80909);font-family:\"Anton\",Sans-serif !important;text-align:left}.ugb-491e63f .ugb-text__text p{font-family:\"Roboto\",Sans-serif !important;font-size:35px !important;font-weight:700 !important;color:#ffffff}.ugb-491e63f .ugb-inner-block{text-align:left}.ugb-491e63f.ugb-text{background-color:var(--theme-palette-color-8,#ffffff)}.ugb-491e63f.ugb-text:before{background-color:var(--theme-palette-color-8,#ffffff)}@media screen and (min-width:768px){.ugb-491e63f.ugb-text{padding-top:0px !important;padding-right:35px !important;padding-bottom:26px !important;padding-left:35px !important}}@media screen and (max-width:768px){.ugb-491e63f .ugb-text__text p{font-size:20px !important}}<\/style><div class=\"ugb-inner-block ugb-inner-block--center\"><div class=\"ugb-block-content\"><div class=\"ugb-text__title-wrapper\"><h2 class=\"ugb-text__title\">A Comuna de Paris e Rosa Luxemburgo<\/h2><\/div><div class=\"ugb-text__text-wrapper\"><div class=\"ugb-text__text\"><p class=\"ugb-text__text-1\"><\/p><\/div><\/div><\/div><\/div><\/div>\n\n\n\n<div class=\"wp-block-ugb-expand ugb-expand ugb-0066f75 ugb-expand--v2 ugb-main-block\" aria-expanded=\"false\"><div class=\"ugb-inner-block\"><div class=\"ugb-block-content\"><h4 class=\"ugb-expand__title\">Apresenta\u00e7\u00e3o<\/h4><div class=\"ugb-expand__less-text\"><p>Nesse momento hist\u00f3rico que estamos vivendo, aprofundar o conhecimento revolucion\u00e1rio \u00e9 essencial para fortalecer, tamb\u00e9m, nossa pr\u00e1tica revolucion\u00e1ria, pois, s\u00f3 assim, poderemos dar passos firmes na supera\u00e7\u00e3o desse modelo capitalista excludente, junto \u00e0 classe trabalhadora. <\/p><p>Assim, com essa gana revolucion\u00e1ria e com o objetivo principal de aprofundar nossa leitura sobre a luta das massas, a Escola Nacional Florestan Fernandes (ENFF) convida todos e todas a participar do curso &#8220;A Comuna de Paris e Rosa Luxemburgo&#8221;.<\/p><\/div><div class=\"ugb-expand__more-text\" style=\"display:none\"><p>O curso acontecer\u00e1 quinzenalmente e totalizar\u00e1 11 encontros, dirigido a militantes e dirigentes de Movimentos e Organiza\u00e7\u00f5es Populares.<\/p><p><strong>Eixos tem\u00e1ticos<\/strong><\/p><p>1. Confer\u00eancia de lan\u00e7amento do livro \u201cMarx em Paris\u201d<\/p><p>2. Contexto hist\u00f3rico da Comuna<\/p><p>3. Incendi\u00e1rias: as mulheres e a Comuna. O papel das mulheres na Comuna<\/p><p>4. Sobre a Constituinte e o governo provis\u00f3rio (1906)<\/p><p>5. Fraude capitalista e outros escritos (1898-1899)<\/p><p>6. Rosa Luxemburgo e a reinven\u00e7\u00e3o da pol\u00edtica<\/p><p>I<strong>MPORTANTE:<\/strong>Ao realizarem a <strong>inscri\u00e7\u00e3o<\/strong>, indiquem um <strong>endere\u00e7o postal<\/strong>, pois, ser\u00e3o <strong>encaminhados<\/strong> dois<strong> livros<\/strong>, <strong>\u201cMarx em Paris\u201d<\/strong> de Michael L\u00f6wy e \u201c<strong>Rosa Luxemburgo e a reinven\u00e7\u00e3o da pol\u00edtica\u201d <\/strong>de Hernan\u00e1n Ouvi\u00f1a, parte da bibliografia do curso.<\/p><\/div><div class=\"ugb-expand__toggle-wrapper\"><a class=\"ugb-expand__toggle\" href=\"#\"><span class=\"ugb-expand__more-toggle-text\">Mostrar mais<\/span><span class=\"ugb-expand__less-toggle-text\" style=\"display:none\">Mostrar menos<\/span><\/a><\/div><\/div><\/div><\/div>\n\n\n\n<p><\/p>\n\n\n\n<div class=\"wp-block-ugb-blog-posts ugb-blog-posts ugb-2898406 ugb-blog-posts--v2 ugb-blog-posts--design-basic ugb-blog-posts--columns-1 ugb-main-block ugb--has-bottom-separator\"><style>.ugb-2898406 .ugb-blog-posts__featured-image{border-radius:4px !important}.ugb-2898406 .ugb-blog-posts__title a{color:var(--theme-palette-color-3,#915656) !important}.ugb-2898406 .ugb-blog-posts__title a:hover{opacity:0.8}.ugb-2898406 .ugb-blog-posts__title{margin-bottom:-50px !important}.ugb-2898406 .ugb-inner-block{text-align:left}.ugb-2898406 .ugb-block-title{font-family:\"anton\",Sans-serif !important;font-weight:700 !important;color:var(--theme-palette-color-1,#d80909);margin-bottom:31px !important}@media screen and (min-width:768px){.ugb-2898406.ugb-blog-posts{padding-bottom:35px !important}}@media screen and (min-width:768px){.ugb-2898406 > .ugb-inner-block > .ugb-block-content > *{padding-top:0px !important;padding-bottom:0px !important;padding-right:0px !important;padding-left:0px !important}}<\/style><div class=\"ugb-bottom-separator\"><div class=\"ugb-separator-wrapper\"><svg xmlns=\"http:\/\/www.w3.org\/2000\/svg\" viewbox=\"0 0 1600 200\" filter=\"url(#straight-1-shadow_svg__a)\" enablebackground=\"new 0 0 1600 200\" class=\"ugb-separator__shadow\" preserveaspectratio=\"none\" aria-hidden=\"true\"><filter id=\"straight-1-shadow_svg__a\"><feGaussianBlur in=\"SourceAlpha\" stddeviation=\"4\"><\/feGaussianBlur><feComponentTransfer><feFuncA type=\"linear\" slope=\"0.4\"><\/feFuncA><\/feComponentTransfer><feMerge><feMergeNode><\/feMergeNode><feMergeNode in=\"SourceGraphic\"><\/feMergeNode><\/feMerge><\/filter><path d=\"M-10 121.6h1620v-16.4H-10z\"><\/path><\/svg><svg xmlns=\"http:\/\/www.w3.org\/2000\/svg\" viewbox=\"0 0 1600 200\" class=\"ugb-separator__layer-1\" preserveaspectratio=\"none\" aria-hidden=\"true\"><path d=\"M-10 210h1620V105.2H-10z\"><\/path><\/svg><\/div><\/div><div class=\"ugb-inner-block\"><h3 class=\"ugb-block-title\">Aulas<\/h3><div class=\"ugb-block-content\"><article class=\"ugb-blog-posts__item\"><div class=\"ugb-blog-posts__content\"><h6 class=\"ugb-blog-posts__title\"><a href=\"https:\/\/formacaoemmovimento.org.br\/?p=1508\">Aula 1 | Confer\u00eancia de lan\u00e7amento do livro \u201cO caderno azul de Jenny: a visita de Marx \u00e0 Comuna de Paris \u201d<\/a><\/h6><\/div><\/article><article class=\"ugb-blog-posts__item\"><div class=\"ugb-blog-posts__content\"><h6 class=\"ugb-blog-posts__title\"><a href=\"https:\/\/formacaoemmovimento.org.br\/?p=1780\">Aula 2 |  Contexto hist\u00f3rico da Comuna<\/a><\/h6><\/div><\/article><article class=\"ugb-blog-posts__item\"><div class=\"ugb-blog-posts__content\"><h6 class=\"ugb-blog-posts__title\"><a href=\"https:\/\/formacaoemmovimento.org.br\/?p=2017\">Aula 4 | Sobre a Constituinte e o governo provis\u00f3rio (1906)<\/a><\/h6><\/div><\/article><article class=\"ugb-blog-posts__item\"><div class=\"ugb-blog-posts__content\"><h6 class=\"ugb-blog-posts__title\"><a href=\"https:\/\/formacaoemmovimento.org.br\/?p=2030\">Aula 5 | Fraude capitalista e outros escritos (1898-1899)<\/a><\/h6><\/div><\/article><article class=\"ugb-blog-posts__item\"><div class=\"ugb-blog-posts__content\"><h6 class=\"ugb-blog-posts__title\"><a href=\"https:\/\/formacaoemmovimento.org.br\/?p=1998\">Aula 3 | Incendi\u00e1rias: as Mulheres e a Comuna<\/a><\/h6><\/div><\/article><article class=\"ugb-blog-posts__item\"><div class=\"ugb-blog-posts__content\"><h6 class=\"ugb-blog-posts__title\"><a href=\"https:\/\/formacaoemmovimento.org.br\/?p=2033\">Aula 6 | Rosa Luxemburgo e a reinven\u00e7\u00e3o da pol\u00edtica<\/a><\/h6><\/div><\/article><\/div><\/div><\/div>\n\n\n\n<p><\/p>\n","protected":false},"excerpt":{"rendered":"<p>Nesse momento hist\u00f3rico que estamos vivendo, aprofundar o conhecimento revolucion\u00e1rio \u00e9 essencial para fortalecer, tamb\u00e9m, nossa pr\u00e1tica revolucion\u00e1ria, pois, s\u00f3 assim, poderemos dar passos firmes na supera\u00e7\u00e3o desse modelo capitalista excludente, junto \u00e0 classe trabalhadora. <\/p>\n","protected":false},"author":4,"featured_media":1821,"parent":1143,"menu_order":0,"comment_status":"closed","ping_status":"closed","template":"","meta":{"footnotes":""},"class_list":["post-1480","page","type-page","status-publish","has-post-thumbnail","hentry"],"blocksy_meta":{"styles_descriptor":{"styles":{"desktop":"","tablet":"","mobile":""},"google_fonts":[],"version":6}},"featured_image_urls_v2":{"full":["https:\/\/formacaoemmovimento.org.br\/wp-content\/uploads\/2021\/09\/ROSA_LUXEMBURGO.png",1920,447,false],"thumbnail":["https:\/\/formacaoemmovimento.org.br\/wp-content\/uploads\/2021\/09\/ROSA_LUXEMBURGO-150x150.png",150,150,true],"medium":["https:\/\/formacaoemmovimento.org.br\/wp-content\/uploads\/2021\/09\/ROSA_LUXEMBURGO-300x70.png",300,70,true],"medium_large":["https:\/\/formacaoemmovimento.org.br\/wp-content\/uploads\/2021\/09\/ROSA_LUXEMBURGO-768x179.png",768,179,true],"large":["https:\/\/formacaoemmovimento.org.br\/wp-content\/uploads\/2021\/09\/ROSA_LUXEMBURGO-1024x238.png",1024,238,true],"1536x1536":["https:\/\/formacaoemmovimento.org.br\/wp-content\/uploads\/2021\/09\/ROSA_LUXEMBURGO-1536x358.png",1536,358,true],"2048x2048":["https:\/\/formacaoemmovimento.org.br\/wp-content\/uploads\/2021\/09\/ROSA_LUXEMBURGO.png",1920,447,false]},"post_excerpt_stackable_v2":"<p>Nesse momento hist\u00f3rico que estamos vivendo, aprofundar o conhecimento revolucion\u00e1rio \u00e9 essencial para fortalecer, tamb\u00e9m, nossa pr\u00e1tica revolucion\u00e1ria, pois, s\u00f3 assim, poderemos dar passos firmes na supera\u00e7\u00e3o desse modelo capitalista excludente, junto \u00e0 classe trabalhadora. <\/p>\n","category_list_v2":"","author_info_v2":{"name":"Carol Cruz","url":"https:\/\/formacaoemmovimento.org.br\/?author=4"},"comments_num_v2":"0 coment\u00e1rio","_links":{"self":[{"href":"https:\/\/formacaoemmovimento.org.br\/index.php?rest_route=\/wp\/v2\/pages\/1480","targetHints":{"allow":["GET"]}}],"collection":[{"href":"https:\/\/formacaoemmovimento.org.br\/index.php?rest_route=\/wp\/v2\/pages"}],"about":[{"href":"https:\/\/formacaoemmovimento.org.br\/index.php?rest_route=\/wp\/v2\/types\/page"}],"author":[{"embeddable":true,"href":"https:\/\/formacaoemmovimento.org.br\/index.php?rest_route=\/wp\/v2\/users\/4"}],"replies":[{"embeddable":true,"href":"https:\/\/formacaoemmovimento.org.br\/index.php?rest_route=%2Fwp%2Fv2%2Fcomments&post=1480"}],"version-history":[{"count":20,"href":"https:\/\/formacaoemmovimento.org.br\/index.php?rest_route=\/wp\/v2\/pages\/1480\/revisions"}],"predecessor-version":[{"id":5859,"href":"https:\/\/formacaoemmovimento.org.br\/index.php?rest_route=\/wp\/v2\/pages\/1480\/revisions\/5859"}],"up":[{"embeddable":true,"href":"https:\/\/formacaoemmovimento.org.br\/index.php?rest_route=\/wp\/v2\/pages\/1143"}],"wp:featuredmedia":[{"embeddable":true,"href":"https:\/\/formacaoemmovimento.org.br\/index.php?rest_route=\/wp\/v2\/media\/1821"}],"wp:attachment":[{"href":"https:\/\/formacaoemmovimento.org.br\/index.php?rest_route=%2Fwp%2Fv2%2Fmedia&parent=1480"}],"curies":[{"name":"wp","href":"https:\/\/api.w.org\/{rel}","templated":true}]}}