{"id":1460,"date":"2021-08-10T17:11:22","date_gmt":"2021-08-10T20:11:22","guid":{"rendered":"https:\/\/formacaoemmovimento.org.br\/?page_id=1460"},"modified":"2025-06-17T16:44:44","modified_gmt":"2025-06-17T19:44:44","slug":"curso-o-legado-de-florestan-fernandes","status":"publish","type":"page","link":"https:\/\/formacaoemmovimento.org.br\/?page_id=1460","title":{"rendered":"O Legado de Florestan Fernandes"},"content":{"rendered":"\n<div class=\"alignfull wp-block-ugb-text ugb-text ugb-491e63f ugb-text--design-plain ugb-text--columns-1 ugb-main-block ugb-main-block--inner-center ugb--has-block-background\"><style>.ugb-491e63f .ugb-text__title{color:var(--theme-palette-color-1,#d80909);font-family:\"Anton\",Sans-serif !important;text-align:left}.ugb-491e63f .ugb-text__text p{font-family:\"Roboto\",Sans-serif !important;font-size:35px !important;font-weight:700 !important;color:#ffffff}.ugb-491e63f .ugb-inner-block{text-align:left}@media screen and (min-width:768px){.ugb-491e63f.ugb-text{padding-top:0px !important;padding-right:35px !important;padding-bottom:26px !important;padding-left:35px !important}}@media screen and (max-width:768px){.ugb-491e63f .ugb-text__text p{font-size:20px !important}}<\/style><div class=\"ugb-inner-block ugb-inner-block--center\"><div class=\"ugb-block-content\"><div class=\"ugb-text__title-wrapper\"><h2 class=\"ugb-text__title\">Curso O Legado de Florestan Fernandes<\/h2><\/div><div class=\"ugb-text__text-wrapper\"><div class=\"ugb-text__text\"><p class=\"ugb-text__text-1\"><\/p><\/div><\/div><\/div><\/div><\/div>\n\n\n\n<div class=\"wp-block-ugb-expand ugb-expand ugb-211a3d0 ugb-expand--v2 ugb-main-block\" aria-expanded=\"false\"><div class=\"ugb-inner-block\"><div class=\"ugb-block-content\"><h4 class=\"ugb-expand__title\">Apresenta\u00e7\u00e3o<\/h4><div class=\"ugb-expand__less-text\"><p>Estimadas Companheiras e Companheiros.<\/p><p>Esperamos que se encontrem bem, seguindo nos cuidados individuais e coletivos, semeando a Poesia e a alegria, apesar do projeto genocida que segue em curso, que tem nos roubado vidas, direitos e afetos.<\/p><p>No dia 22 de julho de 2021 comemoramos 101 anos de nascimento do grande mestre Florestan Fernandes. E na certeza de que n\u00e3o podemos deixar essa data passar, iremos comemor\u00e1-la iniciando um novo ciclo de estudos sobre esse nosso grande mestre!<\/p><\/div><div class=\"ugb-expand__more-text\" style=\"display:none\"><p>Sobre o Legado de Florestan Fernandes<\/p><p>Para o mestre Antonio Candido, o tamb\u00e9m mestre Florestan Fernandes, como poucos da sua gera\u00e7\u00e3o, \u00e9 \u201cum grande homem\u201d. Para Candido, o grande homem \u00e9 aquele que descobre as grandes necessidades, os grandes desafios do seu tempo, consagrando-lhes a sua vida. Florestan foi um desses homens; dedicou sua vida \u00e0 interpreta\u00e7\u00e3o da sociedade brasileira apontando as suas perspectivas de transforma\u00e7\u00e3o e de ruptura.<\/p><p>Hoje, seu nome est\u00e1 intimamente associado ao que ele representa para a classe trabalhadora: um grande lutador que jamais abdicou das suas convic\u00e7\u00f5es e que procurou viver de modo coerente com suas ideias e princ\u00edpios. Um batalhador incans\u00e1vel, desbravador de um pensamento sociol\u00f3gico genu\u00edno, defensor da luta de classes, da revolu\u00e7\u00e3o e do socialismo como horizonte a ser alcan\u00e7ado.<\/p><p>A trajet\u00f3ria da vida de Florestan Fernandes \u00e9 marcada pelas agruras e necessidades que sua m\u00e3e e ele passaram ao longo dos anos 20 e 30, na conturbada cidade de S\u00e3o Paulo. Depois, a retomada do estudo e a supera\u00e7\u00e3o dos vazios da sua forma\u00e7\u00e3o cultural herdados da inf\u00e2ncia; as primeiras pesquisas e escritos durante o per\u00edodo da sua forma\u00e7\u00e3o universit\u00e1ria, a op\u00e7\u00e3o pelo magist\u00e9rio, a ascens\u00e3o na academia e a participa\u00e7\u00e3o na luta em defesa da escola p\u00fablica; os dif\u00edceis anos na resist\u00eancia democr\u00e1tica \u00e0 contra-revolu\u00e7\u00e3o (ditadura pol\u00edtico- militar); a sua solid\u00e3o e ex\u00edlio fora do pa\u00eds; o seu retorno, em 1972, e a continuidade da elabora\u00e7\u00e3o te\u00f3rica e atua\u00e7\u00e3o no magist\u00e9rio; a sua interven\u00e7\u00e3o pol\u00edtico-institucional a partir de 1986, como deputado federal e militante do PT. Nesse percurso, destaca-se pela firmeza ideol\u00f3gica, bem como pela clareza pol\u00edtica \u00e0s quais deve nunca ter titubeado sobre a posi\u00e7\u00e3o de classe que deveria assumir.<\/p><p>Atrav\u00e9s do seu exemplo te\u00f3rico, pr\u00e1tico e de viv\u00eancia, Florestan nos deixa um importante e desafiador legado: a sua energia inesgot\u00e1vel na defesa de uma causa justa; a solidariedade humana e a dignidade moral; a sensibilidade e o olhar terno dos que sofrem calados; a determina\u00e7\u00e3o e a for\u00e7a dos grandes guerreiros, estes que est\u00e3o sempre prontos para a batalha; o rigor cient\u00edfico e a seriedade diante dos problemas reais, sem perder a ternura, s\u00e3o marcas \u00e0 beira da estrada a indicar que o caminho aponta o futuro.<\/p><p>Dada a amplitude e abrang\u00eancia desta obra monumental, \u00e9 praticamente imposs\u00edvel dar conta nessa proposi\u00e7\u00e3o; na verdade, um estudo mais amplo e profundo exige que os interessados prossigam na leitura, na an\u00e1lise e na cr\u00edtica durante um bom per\u00edodo de tempo. Por isso, vai exigir persist\u00eancia e paci\u00eancia.<\/p><p>Considerado um dos maiores cientistas sociais brasileiro, Florestan Fernandes estaria completando 100 anos em 22 de julho de 2020. No ano de seu centen\u00e1rio, mais do que uma homenagem, \u00e9 indispens\u00e1vel conhecer sua obra, seu legado te\u00f3rico e pol\u00edtico. As elabora\u00e7\u00f5es de Florestan, tem muito a contribuir na interpreta\u00e7\u00e3o de nosso presente hist\u00f3rico e dos desafios que ele nos apresenta.<\/p><p>Por isso, estamos chegando at\u00e9 voc\u00ea oferecendo a possibilidade de, nesses tempos de crise generalizada, se apropriar do pensamento de um autor \u00edmpar para entender a sociedade brasileira desde uma perspectiva dos que almejam as transforma\u00e7\u00f5es sociais, a revolu\u00e7\u00e3o socialista e a emancipa\u00e7\u00e3o humana.<\/p><p>Assim, para se entender o pensamento de um dos maiores int\u00e9rpretes do Brasil, teremos que ter muita disciplina com os estudos, com a pesquisa, com a ci\u00eancia. Esse \u00e9 o convite, nos deixar que Florestan Fernandes nos conduza por esses caminhos, pela teimosa e necess\u00e1ria persist\u00eancia com os estudos.<\/p><p><strong>Objetivos do curso<\/strong><\/p><p>1. Propiciar aos participantes, atrav\u00e9s do acesso direto aos textos do Florestan, um conhecimento sistem\u00e1tico do seu pensamento, aberto \u00e0 problematiza\u00e7\u00e3o e \u00e0 reflex\u00e3o cr\u00edtica.<\/p><p>2. Possibilitar aos participantes a apreens\u00e3o da din\u00e2mica do seu pensamento, seguindo uma abordagem dos grandes temas estudados por Florestan, temas que continuam atuais, em novos patamares de complexidade, e que dever\u00e3o ser decifrados por nossa gera\u00e7\u00e3o.<\/p><p>3. Formar militantes com dom\u00ednio do seu pensamento e obra para que possam atuar em outros espa\u00e7os de forma\u00e7\u00e3o, em cursos de militantes e escolas.<\/p><p>4. Conhecer com mais profundidade a realidade da luta de classes em nosso pa\u00eds e contribuir com os processos organizativos, formativos e de lutas dos trabalhadores no contexto atual de crises<\/p><\/div><div class=\"ugb-expand__toggle-wrapper\"><a class=\"ugb-expand__toggle\" href=\"#\"><span class=\"ugb-expand__more-toggle-text\">Mostrar mais<\/span><span class=\"ugb-expand__less-toggle-text\" style=\"display:none\">Mostrar menos<\/span><\/a><\/div><\/div><\/div><\/div>\n\n\n\n<p><\/p>\n\n\n\n<div class=\"wp-block-ugb-blog-posts ugb-blog-posts ugb-2898406 ugb-blog-posts--v2 ugb-blog-posts--design-basic ugb-blog-posts--columns-1 ugb-main-block ugb--has-bottom-separator\"><style>.ugb-2898406 .ugb-blog-posts__featured-image{border-radius:4px !important}.ugb-2898406 .ugb-blog-posts__title a{color:var(--theme-palette-color-3,#915656) !important}.ugb-2898406 .ugb-blog-posts__title a:hover{opacity:0.8}.ugb-2898406 .ugb-blog-posts__title{margin-bottom:-50px !important}.ugb-2898406 .ugb-inner-block{text-align:left}.ugb-2898406 .ugb-block-title{font-family:\"anton\",Sans-serif !important;font-weight:700 !important;color:var(--theme-palette-color-1,#d80909);margin-bottom:10px !important}<\/style><div class=\"ugb-bottom-separator\"><div class=\"ugb-separator-wrapper\"><svg xmlns=\"http:\/\/www.w3.org\/2000\/svg\" viewbox=\"0 0 1600 200\" filter=\"url(#straight-1-shadow_svg__a)\" enablebackground=\"new 0 0 1600 200\" class=\"ugb-separator__shadow\" preserveaspectratio=\"none\" aria-hidden=\"true\"><filter id=\"straight-1-shadow_svg__a\"><feGaussianBlur in=\"SourceAlpha\" stddeviation=\"4\"><\/feGaussianBlur><feComponentTransfer><feFuncA type=\"linear\" slope=\"0.4\"><\/feFuncA><\/feComponentTransfer><feMerge><feMergeNode><\/feMergeNode><feMergeNode in=\"SourceGraphic\"><\/feMergeNode><\/feMerge><\/filter><path d=\"M-10 121.6h1620v-16.4H-10z\"><\/path><\/svg><svg xmlns=\"http:\/\/www.w3.org\/2000\/svg\" viewbox=\"0 0 1600 200\" class=\"ugb-separator__layer-1\" preserveaspectratio=\"none\" aria-hidden=\"true\"><path d=\"M-10 210h1620V105.2H-10z\"><\/path><\/svg><\/div><\/div><div class=\"ugb-inner-block\"><h3 class=\"ugb-block-title\">Aulas<\/h3><div class=\"ugb-block-content\"><article class=\"ugb-blog-posts__item\"><div class=\"ugb-blog-posts__content\"><h6 class=\"ugb-blog-posts__title\"><a href=\"https:\/\/formacaoemmovimento.org.br\/?p=1462\">Introdu\u00e7\u00e3o: Sobre o Legado de Florestan Fernandes<\/a><\/h6><\/div><\/article><article class=\"ugb-blog-posts__item\"><div class=\"ugb-blog-posts__content\"><h6 class=\"ugb-blog-posts__title\"><a href=\"https:\/\/formacaoemmovimento.org.br\/?p=1466\">Aula 1 | Vida e obra de Florestan Fernandes<\/a><\/h6><\/div><\/article><article class=\"ugb-blog-posts__item\"><div class=\"ugb-blog-posts__content\"><h6 class=\"ugb-blog-posts__title\"><a href=\"https:\/\/formacaoemmovimento.org.br\/?p=1731\">Aula 2 | Rela\u00e7\u00f5es entre classe e ra\u00e7a &#8211; sociologia e milit\u00e2ncia pol\u00edtica<\/a><\/h6><\/div><\/article><article class=\"ugb-blog-posts__item\"><div class=\"ugb-blog-posts__content\"><h6 class=\"ugb-blog-posts__title\"><a href=\"https:\/\/formacaoemmovimento.org.br\/?p=1970\">Aula 3 | Capitalismo, classe, mudan\u00e7a social e democracia<\/a><\/h6><\/div><\/article><article class=\"ugb-blog-posts__item\"><div class=\"ugb-blog-posts__content\"><h6 class=\"ugb-blog-posts__title\"><a href=\"https:\/\/formacaoemmovimento.org.br\/?p=2075\">Aula 4 | Sociologia Cri\u0301tica e Militante<\/a><\/h6><\/div><\/article><article class=\"ugb-blog-posts__item\"><div class=\"ugb-blog-posts__content\"><h6 class=\"ugb-blog-posts__title\"><a href=\"https:\/\/formacaoemmovimento.org.br\/?p=2228\">Aula 5 | O dilema educacional no Brasil<\/a><\/h6><\/div><\/article><article class=\"ugb-blog-posts__item\"><div class=\"ugb-blog-posts__content\"><h6 class=\"ugb-blog-posts__title\"><a href=\"https:\/\/formacaoemmovimento.org.br\/?p=2236\">Aula 6 | A problem\u00e1tica da Revolu\u00e7\u00e3o<\/a><\/h6><\/div><\/article><article class=\"ugb-blog-posts__item\"><div class=\"ugb-blog-posts__content\"><h6 class=\"ugb-blog-posts__title\"><a href=\"https:\/\/formacaoemmovimento.org.br\/?p=2239\">Aula 7 | Revolu\u00e7\u00e3o &#8220;dentro&#8221; e &#8220;contra&#8221; a ordem<\/a><\/h6><\/div><\/article><\/div><\/div><\/div>\n\n\n\n<p><\/p>\n","protected":false},"excerpt":{"rendered":"<p>No dia 22 de julho de 2021 comemoramos 101 anos de nascimento do grande mestre Florestan Fernandes. E na certeza de que n\u00e3o podemos deixar essa data passar, iremos comemor\u00e1-la iniciando um novo ciclo de estudos sobre esse nosso grande mestre!<\/p>\n","protected":false},"author":4,"featured_media":1829,"parent":1143,"menu_order":0,"comment_status":"closed","ping_status":"closed","template":"","meta":{"footnotes":""},"class_list":["post-1460","page","type-page","status-publish","has-post-thumbnail","hentry"],"blocksy_meta":{"styles_descriptor":{"styles":{"desktop":"","tablet":"","mobile":""},"google_fonts":[],"version":6}},"featured_image_urls_v2":{"full":["https:\/\/formacaoemmovimento.org.br\/wp-content\/uploads\/2021\/09\/LEGADO_FLORESTAN.jpg",1920,447,false],"thumbnail":["https:\/\/formacaoemmovimento.org.br\/wp-content\/uploads\/2021\/09\/LEGADO_FLORESTAN-150x150.jpg",150,150,true],"medium":["https:\/\/formacaoemmovimento.org.br\/wp-content\/uploads\/2021\/09\/LEGADO_FLORESTAN-300x70.jpg",300,70,true],"medium_large":["https:\/\/formacaoemmovimento.org.br\/wp-content\/uploads\/2021\/09\/LEGADO_FLORESTAN-768x179.jpg",768,179,true],"large":["https:\/\/formacaoemmovimento.org.br\/wp-content\/uploads\/2021\/09\/LEGADO_FLORESTAN-1024x238.jpg",1024,238,true],"1536x1536":["https:\/\/formacaoemmovimento.org.br\/wp-content\/uploads\/2021\/09\/LEGADO_FLORESTAN-1536x358.jpg",1536,358,true],"2048x2048":["https:\/\/formacaoemmovimento.org.br\/wp-content\/uploads\/2021\/09\/LEGADO_FLORESTAN.jpg",1920,447,false]},"post_excerpt_stackable_v2":"<p>No dia 22 de julho de 2021 comemoramos 101 anos de nascimento do grande mestre Florestan Fernandes. E na certeza de que n\u00e3o podemos deixar essa data passar, iremos comemor\u00e1-la iniciando um novo ciclo de estudos sobre esse nosso grande mestre!<\/p>\n","category_list_v2":"","author_info_v2":{"name":"Carol Cruz","url":"https:\/\/formacaoemmovimento.org.br\/?author=4"},"comments_num_v2":"0 coment\u00e1rio","_links":{"self":[{"href":"https:\/\/formacaoemmovimento.org.br\/index.php?rest_route=\/wp\/v2\/pages\/1460","targetHints":{"allow":["GET"]}}],"collection":[{"href":"https:\/\/formacaoemmovimento.org.br\/index.php?rest_route=\/wp\/v2\/pages"}],"about":[{"href":"https:\/\/formacaoemmovimento.org.br\/index.php?rest_route=\/wp\/v2\/types\/page"}],"author":[{"embeddable":true,"href":"https:\/\/formacaoemmovimento.org.br\/index.php?rest_route=\/wp\/v2\/users\/4"}],"replies":[{"embeddable":true,"href":"https:\/\/formacaoemmovimento.org.br\/index.php?rest_route=%2Fwp%2Fv2%2Fcomments&post=1460"}],"version-history":[{"count":15,"href":"https:\/\/formacaoemmovimento.org.br\/index.php?rest_route=\/wp\/v2\/pages\/1460\/revisions"}],"predecessor-version":[{"id":3110,"href":"https:\/\/formacaoemmovimento.org.br\/index.php?rest_route=\/wp\/v2\/pages\/1460\/revisions\/3110"}],"up":[{"embeddable":true,"href":"https:\/\/formacaoemmovimento.org.br\/index.php?rest_route=\/wp\/v2\/pages\/1143"}],"wp:featuredmedia":[{"embeddable":true,"href":"https:\/\/formacaoemmovimento.org.br\/index.php?rest_route=\/wp\/v2\/media\/1829"}],"wp:attachment":[{"href":"https:\/\/formacaoemmovimento.org.br\/index.php?rest_route=%2Fwp%2Fv2%2Fmedia&parent=1460"}],"curies":[{"name":"wp","href":"https:\/\/api.w.org\/{rel}","templated":true}]}}